{"id":475,"date":"2021-06-25T13:45:48","date_gmt":"2021-06-25T13:45:48","guid":{"rendered":"https:\/\/vknbgm.de\/?page_id=475"},"modified":"2025-11-12T17:04:29","modified_gmt":"2025-11-12T17:04:29","slug":"links","status":"publish","type":"page","link":"https:\/\/vkerlg.de\/?page_id=475","title":{"rendered":"Links"},"content":{"rendered":"\n<p>N\u00fctzliche Links zu verschiedenen Themen<\/p>\n\n\n\n<h3 class=\"wp-block-heading\">IG Metall<\/h3>\n\n\n\n<h4 class=\"wp-block-heading\">\u00dcber uns<\/h4>\n\n\n\n<p><a rel=\"noreferrer noopener\" href=\"https:\/\/www.igmetall.de\/ueber-uns\" target=\"_blank\">Wir die IG Metall<\/a> <\/p>\n\n\n\n<h4 class=\"wp-block-heading\">IG Metall vor Ort<\/h4>\n\n\n\n<p><a href=\"https:\/\/www.igmetall.de\/ueber-uns\/igmetall-vor-ort\" rel=\"noreferrer noopener\" target=\"_blank\">Gesch\u00e4ftstellen, Bezirksleitungen und Vorstand&nbsp;<\/a><\/p>\n\n\n\n<h4 class=\"wp-block-heading\">Tarif<\/h4>\n\n\n\n<p><a rel=\"noreferrer noopener\" href=\"https:\/\/www.igmetall.de\/tarif\/tariftabellen\" target=\"_blank\">Tariftabellen<\/a> <a rel=\"noreferrer noopener\" href=\"https:\/\/www.igmetall.de\/tarif\/tariflexikon\" target=\"_blank\">Tariflexikon<\/a><\/p>\n\n\n\n<h4 class=\"wp-block-heading\">Leistungsrechner<\/h4>\n\n\n\n<p><a href=\"https:\/\/www.igmetall.de\/service\/online-services\/leistungsrechner\">https:\/\/www.igmetall.de\/service\/online-services\/leistungsrechner<\/a><\/p>\n\n\n\n<h4 class=\"wp-block-heading\">Satzung der IGM<\/h4>\n\n\n\n<p><a href=\"https:\/\/www.igmetall.de\/satzung\">https:\/\/www.igmetall.de\/satzung<\/a><\/p>\n\n\n\n<h4 class=\"wp-block-heading\">Dialog-igmetall (Siemens IGM-Team)<\/h4>\n\n\n\n<p><a href=\"https:\/\/www.dialog-igmetall.de\/\">https:\/\/www.dialog-igmetall.de\/<\/a><\/p>\n\n\n\n<h4 class=\"wp-block-heading\">Betriebszeitungen<\/h4>\n\n\n\n<p><a rel=\"noreferrer noopener\" href=\"https:\/\/www.dialog-igmetall.de\/downloads\/betriebszeitungen\" target=\"_blank\">https:\/\/www.dialog-igmetall.de\/downloads\/betriebszeitungen<\/a> <a rel=\"noreferrer noopener\" href=\"https:\/\/www.dialog-igmetall.de\/downloads\/infomaterial\" target=\"_blank\">https:\/\/www.dialog-igmetall.de\/downloads\/infomaterial<\/a><\/p>\n\n\n\n<h4 class=\"wp-block-heading\">IGM Hauptseite<\/h4>\n\n\n\n<p><a href=\"https:\/\/www.igmetall.de\/\">https:\/\/www.igmetall.de\/<\/a><\/p>\n\n\n\n<h4 class=\"wp-block-heading\">Seite der IGM Erlangen<\/h4>\n\n\n\n<p><a href=\"https:\/\/erlangen.igmetall.de\/\">https:\/\/erlangen.igmetall.de\/<\/a><\/p>\n\n\n\n<h4 class=\"wp-block-heading\">Mitglied werden<\/h4>\n\n\n\n<p><a rel=\"noreferrer noopener\" href=\"https:\/\/www.igmetall.de\/infopaket.htm\" target=\"_blank\">Infopaket<\/a> <a rel=\"noreferrer noopener\" href=\"https:\/\/www.igmetall.de\/beitreten.htm\" target=\"_blank\">Online-Beitrittsformular<\/a> <a rel=\"noreferrer noopener\" href=\"http:\/\/www.igmetall-schaeffler.de\/index.php?id=81&amp;tx_ttnews%5Btt_news%5D=16257&amp;cHash=53910b6cdaad4f10789103ed1fca417f\" target=\"_blank\">Mitgliedsantr\u00e4ge international<\/a> <a rel=\"noreferrer noopener\" href=\"https:\/\/www.igmetall.de\/guter-rat-was-die-ig-metall-leistet-5586.htm\" target=\"_blank\">Ehrensache oder Karrierekiller?<\/a><\/p>\n\n\n\n<h4 class=\"wp-block-heading\">Extranet f\u00fcr Mitglieder<\/h4>\n\n\n\n<p><a href=\"https:\/\/extranet.igmetall.de\/login.htm?page=view_68169.htm\">https:\/\/extranet.igmetall.de\/<\/a><\/p>\n","protected":false},"excerpt":{"rendered":"<p>N\u00fctzliche Links zu verschiedenen Themen IG Metall \u00dcber uns Wir die IG Metall IG Metall vor Ort Gesch\u00e4ftstellen, Bezirksleitungen und &hellip; <a href=\"https:\/\/vkerlg.de\/?page_id=475\" class=\"more-link\">Continue reading <span class=\"screen-reader-text\">Links<\/span><\/a><\/p>\n","protected":false},"author":1,"featured_media":0,"parent":0,"menu_order":0,"comment_status":"closed","ping_status":"closed","template":"page-templates\/template-home.php","meta":{"footnotes":""},"class_list":["post-475","page","type-page","status-publish","hentry"],"_links":{"self":[{"href":"https:\/\/vkerlg.de\/index.php?rest_route=\/wp\/v2\/pages\/475","targetHints":{"allow":["GET"]}}],"collection":[{"href":"https:\/\/vkerlg.de\/index.php?rest_route=\/wp\/v2\/pages"}],"about":[{"href":"https:\/\/vkerlg.de\/index.php?rest_route=\/wp\/v2\/types\/page"}],"author":[{"embeddable":true,"href":"https:\/\/vkerlg.de\/index.php?rest_route=\/wp\/v2\/users\/1"}],"replies":[{"embeddable":true,"href":"https:\/\/vkerlg.de\/index.php?rest_route=%2Fwp%2Fv2%2Fcomments&post=475"}],"version-history":[{"count":2,"href":"https:\/\/vkerlg.de\/index.php?rest_route=\/wp\/v2\/pages\/475\/revisions"}],"predecessor-version":[{"id":847,"href":"https:\/\/vkerlg.de\/index.php?rest_route=\/wp\/v2\/pages\/475\/revisions\/847"}],"wp:attachment":[{"href":"https:\/\/vkerlg.de\/index.php?rest_route=%2Fwp%2Fv2%2Fmedia&parent=475"}],"curies":[{"name":"wp","href":"https:\/\/api.w.org\/{rel}","templated":true}]}}